{"id":2282,"date":"2022-01-14T16:11:26","date_gmt":"2022-01-14T14:11:26","guid":{"rendered":"http:\/\/u67834.www2.webdomain.fi\/?page_id=2282"},"modified":"2022-01-14T16:11:27","modified_gmt":"2022-01-14T14:11:27","slug":"mika-jes-2","status":"publish","type":"page","link":"https:\/\/www.jkles.fi\/en\/mika-jes-2\/","title":{"rendered":"Mik\u00e4 JES?"},"content":{"rendered":"<p>[et_pb_section fb_built=&#8221;1&#8243; custom_padding_last_edited=&#8221;on|phone&#8221; _builder_version=&#8221;4.13.0&#8243; background_color=&#8221;gcid-87e32cfa-4a99-4def-9412-f22cd813c868&#8243; background_image=&#8221;http:\/\/www.jkles.fi\/wp-content\/uploads\/2021\/10\/Copy-of-Kuva2.jpg&#8221; parallax=&#8221;on&#8221; custom_padding=&#8221;145px||144px|||&#8221; custom_padding_tablet=&#8221;&#8221; custom_padding_phone=&#8221;93px||93px||true|false&#8221; global_colors_info=&#8221;{%22gcid-87e32cfa-4a99-4def-9412-f22cd813c868%22:%91%22background_color%22%93}&#8221;][et_pb_row _builder_version=&#8221;4.13.0&#8243; background_color=&#8221;RGBA(0,0,0,0)&#8221; max_width=&#8221;1062px&#8221; locked=&#8221;off&#8221; global_colors_info=&#8221;{}&#8221;][et_pb_column type=&#8221;4_4&#8243; _builder_version=&#8221;4.4.8&#8243; global_colors_info=&#8221;{}&#8221;][et_pb_text _builder_version=&#8221;4.13.0&#8243; text_font_size=&#8221;20px&#8221; text_line_height=&#8221;1.3em&#8221; header_text_align=&#8221;left&#8221; header_text_color=&#8221;#595959&#8243; header_font_size=&#8221;71px&#8221; custom_margin=&#8221;||17px|||&#8221; custom_padding=&#8221;|5%||5%|false|false&#8221; text_line_height_tablet=&#8221;1.3em&#8221; text_line_height_phone=&#8221;1.3em&#8221; text_line_height_last_edited=&#8221;on|desktop&#8221; header_text_align_tablet=&#8221;&#8221; header_text_align_phone=&#8221;center&#8221; header_text_align_last_edited=&#8221;on|phone&#8221; header_font_size_tablet=&#8221;&#8221; header_font_size_phone=&#8221;7vw&#8221; header_font_size_last_edited=&#8221;on|phone&#8221; text_text_shadow_style=&#8221;preset2&#8243; global_colors_info=&#8221;{}&#8221; text_line_height__hover_enabled=&#8221;on|desktop&#8221; text_line_height__hover=&#8221;1.3em&#8221;]<\/p>\n<h1 style=\"text-align: center;\"><span style=\"color: #ffffff;\">Mik\u00e4 JES?<\/span><\/h1>\n<p>[\/et_pb_text][\/et_pb_column][\/et_pb_row][\/et_pb_section][et_pb_section fb_built=&#8221;1&#8243; custom_padding_last_edited=&#8221;on|desktop&#8221; _builder_version=&#8221;4.4.8&#8243; custom_padding=&#8221;50px||50px||true|false&#8221; custom_padding_tablet=&#8221;&#8221; custom_padding_phone=&#8221;0px||0px||true|false&#8221; global_colors_info=&#8221;{}&#8221;][et_pb_row column_structure=&#8221;1_2,1_2&#8243; _builder_version=&#8221;4.4.8&#8243; background_color=&#8221;#e0e0e0&#8243; custom_padding=&#8221;0px|0%|0px|0%|false|false&#8221; global_colors_info=&#8221;{}&#8221;][et_pb_column type=&#8221;1_2&#8243; _builder_version=&#8221;4.4.8&#8243; background_image=&#8221;http:\/\/www.jkles.fi\/wp-content\/uploads\/2020\/12\/aug1k413hfc-scaled.jpg&#8221; global_colors_info=&#8221;{}&#8221;][et_pb_divider color=&#8221;gcid-0b690550-ea9f-44b2-81a8-52610c28c94f&#8221; divider_weight=&#8221;13px&#8221; _builder_version=&#8221;4.11.3&#8243; custom_padding=&#8221;||226px||false|false&#8221; global_colors_info=&#8221;{%22gcid-0b690550-ea9f-44b2-81a8-52610c28c94f%22:%91%22color%22%93}&#8221;][\/et_pb_divider][\/et_pb_column][et_pb_column type=&#8221;1_2&#8243; _builder_version=&#8221;4.4.8&#8243; custom_padding=&#8221;|5%||5%|false|false&#8221; global_colors_info=&#8221;{}&#8221;][et_pb_text _builder_version=&#8221;4.13.0&#8243; custom_padding=&#8221;32px||27px|||&#8221; hover_enabled=&#8221;0&#8243; global_colors_info=&#8221;{}&#8221; sticky_enabled=&#8221;0&#8243; text_font_size=&#8221;19px&#8221;]<\/p>\n<h3>Mik\u00e4 ihmeen JES?<\/h3>\n<p>Meid\u00e4n tarkoituksenamme on tuoda yritt\u00e4jyytt\u00e4 ja yritt\u00e4j\u00e4henkisyytt\u00e4 l\u00e4hemm\u00e4s opiskelijoita, ja inspiroida toteuttamaan itse\u00e4\u00e4n vapaammin. Haluamme tarjota mahdollisuuden kokeilla rohkeasti uutta ja haastaa itse\u00e4\u00e4n. Verkostoituminen on toiminnassamme t\u00e4rke\u00e4\u00e4, ja meid\u00e4n kautta onkin mahdollista p\u00e4\u00e4st\u00e4 osaksi eritt\u00e4in poikkitieteellist\u00e4 sakkia niin yliopiston kuin jamkinkin puolelta. Meid\u00e4n kautta on mahdollista p\u00e4\u00e4st\u00e4 mukaan verkostoitumaan my\u00f6s Keski-Suomalaisten yritysten ja yritt\u00e4j\u00e4verkostojen kanssa, sek\u00e4 my\u00f6s tutustua ihmisiin Suomen laajuisesti muiden es-verkostojen kautta. Haluamme tarjota alustan ja vahvan tukiverkoston uusille innovaatiolle, kokeilulle, onnistumiselle ja toisaalta my\u00f6s ep\u00e4onnistumiselle, sek\u00e4 tietenkin kohtaamiselle.<\/p>\n<p style=\"margin: 0in; font-family: Calibri; font-size: 11.0pt;\">[\/et_pb_text][\/et_pb_column][\/et_pb_row][\/et_pb_section][et_pb_section fb_built=&#8221;1&#8243; custom_padding_last_edited=&#8221;on|desktop&#8221; _builder_version=&#8221;4.4.8&#8243; background_color=&#8221;#e0e0e0&#8243; custom_padding=&#8221;50px||50px||true|false&#8221; custom_padding_tablet=&#8221;&#8221; custom_padding_phone=&#8221;0px||0px||true|false&#8221; global_colors_info=&#8221;{}&#8221;][et_pb_row column_structure=&#8221;1_2,1_2&#8243; _builder_version=&#8221;4.4.8&#8243; background_color=&#8221;#ffffff&#8221; custom_padding=&#8221;0px|0%|0px|0%|false|false&#8221; global_colors_info=&#8221;{}&#8221;][et_pb_column type=&#8221;1_2&#8243; _builder_version=&#8221;4.4.8&#8243; custom_padding=&#8221;|5%||5%|false|false&#8221; global_colors_info=&#8221;{}&#8221;][et_pb_text _builder_version=&#8221;4.11.3&#8243; custom_padding=&#8221;32px||27px|||&#8221; hover_enabled=&#8221;0&#8243; global_colors_info=&#8221;{}&#8221; sticky_enabled=&#8221;0&#8243;]<\/p>\n<h3>Historiaa<\/h3>\n<p>JES on saanut alkunsa vuonna 2011, kun er\u00e4s kaveriporukka olisi halunnut tutustua muihin paikallisiin, samanhenkisiin sek\u00e4 aktiivisiin opiskelijoihin ja opiskelijayritt\u00e4jiin rennossa ilmapiiriss\u00e4. Silloin ei kuitenkaan ollut mit\u00e4\u00e4n tahoa, joka t\u00e4m\u00e4n olisi mahdollistanut. Porukka otti asian omiin k\u00e4siins\u00e4, ja alkoi j\u00e4rjest\u00e4m\u00e4\u00e4n itse jallunt\u00e4yteisi\u00e4 illanviettoja. Sana kiiri opiskelijapiireiss\u00e4 ja illanviettoihin l\u00f6ysi tiens\u00e4 yh\u00e4 useampi samanhenkinen opiskelija. Pikkuhiljaa alkunsa sai Jyv\u00e4skyl\u00e4 Entrepreneurship Society.<\/p>\n<p>JES on kasvanut ja kehittynyt noista p\u00e4ivist\u00e4 valtavasti jokaisen hallituksen ja jokaisen uuden j\u00e4senen ja tapahtumak\u00e4vij\u00e4n mukana. JESsin tapahtumakonseptit ovat kehittyneet ja niit\u00e4 on tullut pikkuhiljaa lis\u00e4\u00e4. JESsille on kehittynyt aikojen saatossa my\u00f6s omat suuremmat tapahtumakonseptinsa: Keski-Suomen suurin tapahtuma Spotlight, viikonlopun mittainen ideointity\u00f6paja IDEA JKL sek\u00e4 viisi viikkoa kest\u00e4v\u00e4 Discovery Tuesday. My\u00f6s korona on luonnollisesti tuonut oman mausteensa JESsin toimintaan, ja vuonna 2020 kehitettiinkin t\u00e4ysin uudet tapahtumakonseptit JESlive sek\u00e4 JEScast.<\/p>\n<p>Vuonna 2021 JES t\u00e4ytti ensimm\u00e4ist\u00e4 kertaa py\u00f6reit\u00e4, kun 10v. rajapyykki tuli t\u00e4yteen. T\u00e4m\u00e4n lis\u00e4ksi JES saavutti toisen mahtavan askeleen syksyll\u00e4 2021, kun j\u00e4senist\u00f6mme lukum\u00e4\u00e4r\u00e4 ylitti 1000. On mahtavaa n\u00e4hd\u00e4, ett\u00e4 JESsille on edelleen 10 vuoden j\u00e4lkeen selv\u00e4 paikka Jyv\u00e4skyl\u00e4n ekosysteemiss\u00e4.<\/p>\n<p>[\/et_pb_text][\/et_pb_column][et_pb_column type=&#8221;1_2&#8243; _builder_version=&#8221;4.4.8&#8243; background_image=&#8221;http:\/\/www.jkles.fi\/wp-content\/uploads\/2020\/12\/jn0suctoig0-scaled.jpg&#8221; global_colors_info=&#8221;{}&#8221;][et_pb_divider color=&#8221;gcid-2b0d48b9-0725-4524-9131-8ff1c908a6c1&#8243; divider_weight=&#8221;13px&#8221; _builder_version=&#8221;4.11.3&#8243; custom_padding=&#8221;||226px||false|false&#8221; global_colors_info=&#8221;{%22gcid-2b0d48b9-0725-4524-9131-8ff1c908a6c1%22:%91%22color%22%93}&#8221;][\/et_pb_divider][\/et_pb_column][\/et_pb_row][\/et_pb_section][et_pb_section fb_built=&#8221;1&#8243; custom_padding_last_edited=&#8221;on|desktop&#8221; _builder_version=&#8221;4.4.8&#8243; custom_padding=&#8221;50px||50px||true|false&#8221; custom_padding_tablet=&#8221;&#8221; custom_padding_phone=&#8221;0px||0px||true|false&#8221; global_colors_info=&#8221;{}&#8221;][et_pb_row column_structure=&#8221;1_2,1_2&#8243; _builder_version=&#8221;4.4.8&#8243; background_color=&#8221;#e0e0e0&#8243; custom_padding=&#8221;0px|0%|0px|0%|false|false&#8221; global_colors_info=&#8221;{}&#8221; min_height=&#8221;729.3px&#8221; custom_margin=&#8221;|auto|-13px|auto||&#8221;][et_pb_column type=&#8221;1_2&#8243; _builder_version=&#8221;4.4.8&#8243; background_image=&#8221;http:\/\/www.jkles.fi\/wp-content\/uploads\/2020\/12\/lwafyrn4sfy-scaled.jpg&#8221; global_colors_info=&#8221;{}&#8221;][et_pb_divider color=&#8221;gcid-0b690550-ea9f-44b2-81a8-52610c28c94f&#8221; divider_weight=&#8221;13px&#8221; _builder_version=&#8221;4.11.3&#8243; custom_padding=&#8221;||226px||false|false&#8221; global_colors_info=&#8221;{%22gcid-0b690550-ea9f-44b2-81a8-52610c28c94f%22:%91%22color%22%93}&#8221;][\/et_pb_divider][\/et_pb_column][et_pb_column type=&#8221;1_2&#8243; _builder_version=&#8221;4.4.8&#8243; custom_padding=&#8221;|5%||5%|false|false&#8221; global_colors_info=&#8221;{}&#8221;][et_pb_text _builder_version=&#8221;4.13.0&#8243; custom_padding=&#8221;32px||27px|||&#8221; hover_enabled=&#8221;0&#8243; global_colors_info=&#8221;{}&#8221; sticky_enabled=&#8221;0&#8243; min_height=&#8221;151.2px&#8221; custom_margin=&#8221;||8px|||&#8221;]<\/p>\n<h3>Strategia ja arvot<\/h3>\n<p style=\"text-align: left;\">\u200bM<strong>issio: <\/strong>JES\u00a0on vaikuttava ja kaikille avoin yhteis\u00f6, joka edist\u00e4\u00e4 yritt\u00e4jyytt\u00e4 ja tarjoaa alustan itsens\u00e4 kokonaisvaltaiselle kehitt\u00e4miselle, uusien ideoiden syntymiselle sek\u00e4 samanhenkisten ihmisten kohtaamiselle.<\/p>\n<p>[\/et_pb_text][et_pb_text _builder_version=&#8221;4.13.0&#8243; hover_enabled=&#8221;0&#8243; global_colors_info=&#8221;{}&#8221; sticky_enabled=&#8221;0&#8243;]<\/p>\n<p style=\"text-align: left;\"><strong>Visio:<\/strong> JES on vuonna 2023 yritt\u00e4jyyden ja itsens\u00e4 kehitt\u00e4misen edell\u00e4k\u00e4vij\u00e4, joka j\u00e4rjest\u00e4\u00e4 kentt\u00e4ns\u00e4 parhaita, uniikkeja tapahtumia. Yhteis\u00f6ll\u00e4 on kauaskantoinen vaikutus yksil\u00f6iden ja alkuvaiheen yritysten kehitykselle, ja sen merkitys tunnetaan kansallisella tasolla. JES on laadukas ja haluttu yhteisty\u00f6kumppani sek\u00e4 paikallisessa ett\u00e4 valtakunnallisessa yritt\u00e4jyysekosysteemiss\u00e4.<\/p>\n<p>[\/et_pb_text][et_pb_text _builder_version=&#8221;4.13.0&#8243; hover_enabled=&#8221;0&#8243; global_colors_info=&#8221;{}&#8221; sticky_enabled=&#8221;0&#8243; min_height=&#8221;169.8px&#8221; custom_padding=&#8221;11px||0px|||&#8221;]<\/p>\n<p style=\"text-align: left;\"><strong>Arvot:<\/strong><\/p>\n<ul>\n<li style=\"text-align: left;\">Yritt\u00e4j\u00e4henkisyys<\/li>\n<li style=\"text-align: left;\">Merkityksellisyys<\/li>\n<li style=\"text-align: left;\">Avoimuus<\/li>\n<li style=\"text-align: left;\">Omaleimaisuus<\/li>\n<li style=\"text-align: left;\">Yhteis\u00f6llisyys<\/li>\n<\/ul>\n<p>[\/et_pb_text][et_pb_button button_text=&#8221;Tutustu JES:n strategiaan&#8221; _builder_version=&#8221;4.13.0&#8243; _module_preset=&#8221;default&#8221; hover_enabled=&#8221;0&#8243; sticky_enabled=&#8221;0&#8243;][\/et_pb_button][\/et_pb_column][\/et_pb_row][\/et_pb_section]<\/p>\n","protected":false},"excerpt":{"rendered":"<p>Mik\u00e4 JES?Mik\u00e4 ihmeen JES? Meid\u00e4n tarkoituksenamme on tuoda yritt\u00e4jyytt\u00e4 ja yritt\u00e4j\u00e4henkisyytt\u00e4 l\u00e4hemm\u00e4s opiskelijoita, ja inspiroida toteuttamaan itse\u00e4\u00e4n vapaammin. Haluamme tarjota mahdollisuuden kokeilla rohkeasti uutta ja haastaa itse\u00e4\u00e4n. Verkostoituminen on toiminnassamme t\u00e4rke\u00e4\u00e4, ja meid\u00e4n kautta onkin mahdollista p\u00e4\u00e4st\u00e4 osaksi eritt\u00e4in poikkitieteellist\u00e4 sakkia niin yliopiston kuin jamkinkin puolelta. Meid\u00e4n kautta on mahdollista p\u00e4\u00e4st\u00e4 mukaan verkostoitumaan my\u00f6s Keski-Suomalaisten [&hellip;]<\/p>\n","protected":false},"author":3,"featured_media":0,"parent":0,"menu_order":0,"comment_status":"closed","ping_status":"closed","template":"","meta":{"_et_pb_use_builder":"on","_et_pb_old_content":"","_et_gb_content_width":""},"acf":[],"_links":{"self":[{"href":"https:\/\/www.jkles.fi\/en\/wp-json\/wp\/v2\/pages\/2282"}],"collection":[{"href":"https:\/\/www.jkles.fi\/en\/wp-json\/wp\/v2\/pages"}],"about":[{"href":"https:\/\/www.jkles.fi\/en\/wp-json\/wp\/v2\/types\/page"}],"author":[{"embeddable":true,"href":"https:\/\/www.jkles.fi\/en\/wp-json\/wp\/v2\/users\/3"}],"replies":[{"embeddable":true,"href":"https:\/\/www.jkles.fi\/en\/wp-json\/wp\/v2\/comments?post=2282"}],"version-history":[{"count":1,"href":"https:\/\/www.jkles.fi\/en\/wp-json\/wp\/v2\/pages\/2282\/revisions"}],"predecessor-version":[{"id":2283,"href":"https:\/\/www.jkles.fi\/en\/wp-json\/wp\/v2\/pages\/2282\/revisions\/2283"}],"wp:attachment":[{"href":"https:\/\/www.jkles.fi\/en\/wp-json\/wp\/v2\/media?parent=2282"}],"curies":[{"name":"wp","href":"https:\/\/api.w.org\/{rel}","templated":true}]}}