{"id":2273,"date":"2021-12-12T22:23:55","date_gmt":"2021-12-12T20:23:55","guid":{"rendered":"http:\/\/u67834.www2.webdomain.fi\/strategy-2023\/"},"modified":"2024-03-21T19:37:44","modified_gmt":"2024-03-21T17:37:44","slug":"strategia-2024","status":"publish","type":"page","link":"https:\/\/www.jkles.fi\/en\/strategia-2024\/","title":{"rendered":"Strategia 2024"},"content":{"rendered":"<p>[et_pb_section fb_built=&#8221;1&#8243; custom_padding_last_edited=&#8221;on|phone&#8221; _builder_version=&#8221;4.14.9&#8243; background_color=&#8221;gcid-87e32cfa-4a99-4def-9412-f22cd813c868&#8243; background_image=&#8221;https:\/\/www.jkles.fi\/wp-content\/uploads\/2021\/11\/Kopio-tiedostosta-Yhteiskuvat-1-scaled.jpg&#8221; custom_padding=&#8221;145px||145px||true|&#8221; custom_padding_tablet=&#8221;&#8221; custom_padding_phone=&#8221;93px||93px||true|false&#8221; global_colors_info=&#8221;{%22gcid-87e32cfa-4a99-4def-9412-f22cd813c868%22:%91%22background_color%22%93}&#8221;][et_pb_row _builder_version=&#8221;4.14.9&#8243; background_color=&#8221;RGBA(0,0,0,0)&#8221; max_width=&#8221;1062px&#8221; locked=&#8221;off&#8221; global_colors_info=&#8221;{}&#8221;][et_pb_column type=&#8221;4_4&#8243; _builder_version=&#8221;4.4.8&#8243; global_colors_info=&#8221;{}&#8221;][et_pb_text _builder_version=&#8221;4.13.0&#8243; text_font_size=&#8221;20px&#8221; text_line_height=&#8221;1.3em&#8221; header_text_align=&#8221;left&#8221; header_text_color=&#8221;#595959&#8243; header_font_size=&#8221;70px&#8221; custom_margin=&#8221;||17px|||&#8221; custom_padding=&#8221;|5%||5%|false|false&#8221; text_line_height_tablet=&#8221;1.3em&#8221; text_line_height_phone=&#8221;1.3em&#8221; text_line_height_last_edited=&#8221;on|desktop&#8221; header_text_align_tablet=&#8221;&#8221; header_text_align_phone=&#8221;center&#8221; header_text_align_last_edited=&#8221;on|phone&#8221; header_font_size_tablet=&#8221;&#8221; header_font_size_phone=&#8221;7vw&#8221; header_font_size_last_edited=&#8221;on|phone&#8221; text_text_shadow_style=&#8221;preset2&#8243; global_colors_info=&#8221;{}&#8221; text_line_height__hover_enabled=&#8221;on|desktop&#8221; text_line_height__hover=&#8221;1.3em&#8221;]<\/p>\n<h1 style=\"text-align: center;\"><span style=\"color: #ffffff;\">Strategy 2023<\/span><\/h1>\n<p>[\/et_pb_text][\/et_pb_column][\/et_pb_row][\/et_pb_section][et_pb_section fb_built=&#8221;1&#8243; custom_padding_last_edited=&#8221;on|desktop&#8221; _builder_version=&#8221;4.4.8&#8243; custom_padding=&#8221;50px||50px||true|false&#8221; custom_padding_tablet=&#8221;&#8221; custom_padding_phone=&#8221;0px||0px||true|false&#8221; global_colors_info=&#8221;{}&#8221;][et_pb_row column_structure=&#8221;1_2,1_2&#8243; _builder_version=&#8221;4.14.9&#8243; background_color=&#8221;#e0e0e0&#8243; custom_padding=&#8221;0px|0%|0px|0%|false|false&#8221; locked=&#8221;off&#8221; global_colors_info=&#8221;{}&#8221;][et_pb_column type=&#8221;1_2&#8243; _builder_version=&#8221;4.13.0&#8243; background_image=&#8221;https:\/\/www.jkles.fi\/wp-content\/uploads\/2021\/12\/Brunssi-DeLorean-17-scaled.jpg&#8221; background_position=&#8221;top_left&#8221; global_colors_info=&#8221;{}&#8221;][et_pb_divider color=&#8221;gcid-0b690550-ea9f-44b2-81a8-52610c28c94f&#8221; divider_weight=&#8221;13px&#8221; _builder_version=&#8221;4.11.3&#8243; custom_padding=&#8221;||226px||false|false&#8221; global_colors_info=&#8221;{%22gcid-0b690550-ea9f-44b2-81a8-52610c28c94f%22:%91%22color%22%93}&#8221;][\/et_pb_divider][\/et_pb_column][et_pb_column type=&#8221;1_2&#8243; _builder_version=&#8221;4.4.8&#8243; custom_padding=&#8221;|5%||5%|false|false&#8221; global_colors_info=&#8221;{}&#8221;][et_pb_text _builder_version=&#8221;4.14.9&#8243; custom_padding=&#8221;32px||27px|||&#8221; global_colors_info=&#8221;{}&#8221;]<\/p>\n<h3 style=\"text-align: justify;\"><\/h3>\n<h3 style=\"text-align: center;\">Vision<\/h3>\n<p style=\"text-align: left;\">In 2023, JES is a pioneer in entrepreneurship and self-development, known for organizing unique events of the highest quality. The society has a long-term impact on the development of individuals and early-stage businesses, and its significance is known on a national level. As a partner, JES is valued and respected in Jyv\u00e4skyl\u00e4\u2019s local entrepreneurial ecosystem as well as in the national one.<\/p>\n<p>[\/et_pb_text][et_pb_text _builder_version=&#8221;4.14.9&#8243; custom_padding=&#8221;10px||47px|||&#8221; global_colors_info=&#8221;{}&#8221;]<\/p>\n<h3 style=\"text-align: center;\">Mission<\/h3>\n<p style=\"text-align: left;\">JES is an influential community that promotes entrepreneurship and is open to everyone. Furthermore, JES provides a platform for self-development, ideation processes and the encountering of like-minded people.<\/p>\n<p>[\/et_pb_text][\/et_pb_column][\/et_pb_row][\/et_pb_section][et_pb_section fb_built=&#8221;1&#8243; custom_padding_last_edited=&#8221;on|desktop&#8221; _builder_version=&#8221;4.4.8&#8243; background_color=&#8221;#e0e0e0&#8243; custom_padding=&#8221;50px||50px||true|false&#8221; custom_padding_tablet=&#8221;&#8221; custom_padding_phone=&#8221;0px||0px||true|false&#8221; global_colors_info=&#8221;{}&#8221;][et_pb_row column_structure=&#8221;1_2,1_2&#8243; _builder_version=&#8221;4.14.9&#8243; background_color=&#8221;#ffffff&#8221; custom_padding=&#8221;0px|0%|1px|0%|false|false&#8221; global_colors_info=&#8221;{}&#8221;][et_pb_column type=&#8221;1_2&#8243; _builder_version=&#8221;4.14.9&#8243; custom_padding=&#8221;|5%||5%|false|false&#8221; global_colors_info=&#8221;{}&#8221;][et_pb_text _builder_version=&#8221;4.14.9&#8243; custom_padding=&#8221;32px||52px|||&#8221; hover_enabled=&#8221;0&#8243; global_colors_info=&#8221;{}&#8221; sticky_enabled=&#8221;0&#8243;]<\/p>\n<h3 style=\"text-align: center;\">Values<\/h3>\n<p style=\"text-align: center;\"><strong>Entrepreneurial mindset <\/strong><\/p>\n<p style=\"text-align: left;\">JES promotes an entrepreneurial mindset and inspires internal and external entrepreneurship. Hence, JES enables the development of its members and provides an encouraging environment for challenging one-self and for self-development.<\/p>\n<p style=\"text-align: center;\"><strong>Significance<\/strong><\/p>\n<p style=\"text-align: left;\">As a society, JES creates value to its members through a variety of events and actions. JES inspires and helps its members to make new insights about themselves and their future. Hence, JES enables its members to achieve their goals and embetter themselves even further.<\/p>\n<p style=\"text-align: center;\"><strong>Openness<\/strong><\/p>\n<p style=\"text-align: left;\">JES operates with transparency and openness to all members. The rationale of decision making and the use of funds are clear and accessible to all members. Members are actively involved in decision making. All members have equal opportunities to apply to be involved in the actions of JES.<\/p>\n<p style=\"text-align: center;\"><strong>Authenticity<\/strong><\/p>\n<p style=\"text-align: left;\">Considering Jyv\u00e4skyl\u00e4\u2019s ecosystem, JES stands out positively due to its originality. JES actively develops itself as an organization and adapts open-mindedly to new ways of operating. JES dares to be different in its operating environment and is a genuinely independent player.<\/p>\n<p style=\"text-align: center;\"><strong>Communality<\/strong><\/p>\n<p style=\"text-align: left;\">JES makes it possible to meet like-minded and inspiring people. JES is a unique community that connects students and young people from different fields of background. The communality of JES stems from its positive and receptive atmosphere, and its events are always open to all.<\/p>\n<p>[\/et_pb_text][\/et_pb_column][et_pb_column type=&#8221;1_2&#8243; _builder_version=&#8221;4.13.0&#8243; background_image=&#8221;https:\/\/www.jkles.fi\/wp-content\/uploads\/2021\/12\/Kopio-tiedostosta-Sweatnesday-3-scaled.jpg&#8221; global_colors_info=&#8221;{}&#8221;][\/et_pb_column][\/et_pb_row][\/et_pb_section][et_pb_section fb_built=&#8221;1&#8243; custom_padding_last_edited=&#8221;on|desktop&#8221; _builder_version=&#8221;4.4.8&#8243; custom_padding=&#8221;50px||50px||true|false&#8221; custom_padding_tablet=&#8221;&#8221; custom_padding_phone=&#8221;0px||0px||true|false&#8221; global_colors_info=&#8221;{}&#8221;][et_pb_row column_structure=&#8221;1_2,1_2&#8243; _builder_version=&#8221;4.14.9&#8243; background_color=&#8221;#e0e0e0&#8243; custom_margin=&#8221;|auto|-13px|auto||&#8221; custom_padding=&#8221;0px|0%|0px|0%|false|false&#8221; global_colors_info=&#8221;{}&#8221;][et_pb_column type=&#8221;1_2&#8243; _builder_version=&#8221;4.13.0&#8243; background_image=&#8221;https:\/\/www.jkles.fi\/wp-content\/uploads\/2021\/12\/jamko-kickoff-1-scaled.jpg&#8221; global_colors_info=&#8221;{}&#8221;][\/et_pb_column][et_pb_column type=&#8221;1_2&#8243; _builder_version=&#8221;4.4.8&#8243; custom_padding=&#8221;|5%||5%|false|false&#8221; global_colors_info=&#8221;{}&#8221;][et_pb_text _builder_version=&#8221;4.14.9&#8243; min_height=&#8221;151.2px&#8221; custom_margin=&#8221;||8px|||&#8221; custom_padding=&#8221;32px||27px|||&#8221; hover_enabled=&#8221;0&#8243; global_colors_info=&#8221;{}&#8221; sticky_enabled=&#8221;0&#8243;]<\/p>\n<h3 style=\"text-align: center;\">Goals<\/h3>\n<p>For achieving vision and values<\/p>\n<p style=\"text-align: center;\"><strong><\/strong><\/p>\n<p style=\"text-align: center;\"><strong>Stakeholders &amp; Community<\/strong><\/p>\n<ul>\n<li style=\"text-align: left;\">The members\u2019 and attendees\u2019 commitment strengthens the community of JES. JES actively strives to increase the engagement of its members and event attendees.<\/li>\n<li style=\"text-align: left;\">The operations of JES are distinct and of high quality. Therefore, JES is a desirable and respected partner.<\/li>\n<li style=\"text-align: left;\">JES is one of the most significant associations for the international community in Jyv\u00e4skyl\u00e4. It enables international students to get acquainted with local students and Jyv\u00e4skyl\u00e4\u2019s entrepreneurship ecosystem.<\/li>\n<\/ul>\n<p style=\"text-align: center;\"><strong><\/strong><\/p>\n<p style=\"text-align: center;\"><strong><\/strong><\/p>\n<p style=\"text-align: center;\"><strong>Events &amp; Activity<\/strong><strong><\/strong><\/p>\n<ul>\n<li style=\"text-align: left;\">JES\u2019s values guide the association\u2019s communication both internally and externally, and it extensively reaches different stakeholders.<\/li>\n<li style=\"text-align: left;\">Events and activities are boldly developed and renewed in accordance with the values, responding to changes in the environment and the wishes of the community.<\/li>\n<li style=\"text-align: left;\">The events and activities are strongly visible in various channels and they evoke wide interest with their distinctiveness.<\/li>\n<\/ul>\n<p>&nbsp;<\/p>\n<p style=\"text-align: center;\"><strong>Entrepreneurship &amp; Businesses<\/strong><strong><\/strong><\/p>\n<ul>\n<li style=\"text-align: left;\">JES raises awareness of the diversity of today\u2019s entrepreneurship and is involved in the new generation\u2019s change of attitude towards entrepreneurship.<\/li>\n<li style=\"text-align: left;\">JES has an impact on the emergence of new businesses, and the development of existing ones.<\/li>\n<li style=\"text-align: left;\">JES\u2019s accelerator operations bring new businesses to Jyv\u00e4skyl\u00e4.<\/li>\n<li style=\"list-style-type: none;\">\n<ul><\/ul>\n<\/li>\n<\/ul>\n<p>[\/et_pb_text][\/et_pb_column][\/et_pb_row][\/et_pb_section]<\/p>\n","protected":false},"excerpt":{"rendered":"<p>Strategy 2023 Vision In 2023, JES is a pioneer in entrepreneurship and self-development, known for organizing unique events of the highest quality. The society has a long-term impact on the development of individuals and early-stage businesses, and its significance is known on a national level. As a partner, JES is valued and respected in Jyv\u00e4skyl\u00e4\u2019s [&hellip;]<\/p>\n","protected":false},"author":3,"featured_media":0,"parent":0,"menu_order":0,"comment_status":"closed","ping_status":"closed","template":"","meta":{"_et_pb_use_builder":"on","_et_pb_old_content":"","_et_gb_content_width":""},"acf":[],"_links":{"self":[{"href":"https:\/\/www.jkles.fi\/en\/wp-json\/wp\/v2\/pages\/2273"}],"collection":[{"href":"https:\/\/www.jkles.fi\/en\/wp-json\/wp\/v2\/pages"}],"about":[{"href":"https:\/\/www.jkles.fi\/en\/wp-json\/wp\/v2\/types\/page"}],"author":[{"embeddable":true,"href":"https:\/\/www.jkles.fi\/en\/wp-json\/wp\/v2\/users\/3"}],"replies":[{"embeddable":true,"href":"https:\/\/www.jkles.fi\/en\/wp-json\/wp\/v2\/comments?post=2273"}],"version-history":[{"count":13,"href":"https:\/\/www.jkles.fi\/en\/wp-json\/wp\/v2\/pages\/2273\/revisions"}],"predecessor-version":[{"id":3360,"href":"https:\/\/www.jkles.fi\/en\/wp-json\/wp\/v2\/pages\/2273\/revisions\/3360"}],"wp:attachment":[{"href":"https:\/\/www.jkles.fi\/en\/wp-json\/wp\/v2\/media?parent=2273"}],"curies":[{"name":"wp","href":"https:\/\/api.w.org\/{rel}","templated":true}]}}